{"id":14,"date":"2015-02-20T20:12:33","date_gmt":"2015-02-20T20:12:33","guid":{"rendered":"http:\/\/avada.theme-fusion.com_demos\/law\/?page_id=14"},"modified":"2023-03-30T18:29:34","modified_gmt":"2023-03-30T18:29:34","slug":"where-we-work","status":"publish","type":"page","link":"https:\/\/rbg.com.mx\/?page_id=14","title":{"rendered":"Consejeros"},"content":{"rendered":"<p><div class=\"fusion-fullwidth fullwidth-box fusion-builder-row-1 nonhundred-percent-fullwidth non-hundred-percent-height-scrolling\" style=\"--awb-background-position:left top;--awb-border-sizes-top:0px;--awb-border-sizes-bottom:0px;--awb-border-sizes-left:0px;--awb-border-sizes-right:0px;--awb-border-radius-top-left:0px;--awb-border-radius-top-right:0px;--awb-border-radius-bottom-right:0px;--awb-border-radius-bottom-left:0px;--awb-padding-top:100px;--awb-padding-bottom:90px;--awb-background-color:#887c75;--awb-flex-wrap:wrap;\" ><div class=\"fusion-builder-row fusion-row\"><div class=\"fusion-layout-column fusion_builder_column fusion-builder-column-0 fusion_builder_column_1_1 1_1 fusion-one-full fusion-column-first fusion-column-last fusion-column-no-min-height\" style=\"--awb-bg-size:cover;--awb-margin-bottom:0px;\"><div class=\"fusion-column-wrapper fusion-flex-column-wrapper-legacy\"><div class=\"fusion-flip-boxes flip-boxes row fusion-columns-1 flip-effect-classic\"><div class=\"fusion-flip-box-wrapper fusion-column col-lg-12 col-md-12 col-sm-12\"><div class=\"fusion-flip-box flip-right\" tabindex=\"0\"><div class=\"flip-box-inner-wrapper\"><div class=\"flip-box-front\" style=\"--awb-border-color:#e2e2e2;--awb-border-size:1px;--awb-border-radius:3px;--awb-background-color-front:#ffffff;\"><div class=\"flip-box-front-inner\"><div class=\"flip-box-grafix flip-box-image\"><img decoding=\"async\" src=\"http:\/\/rbg.com.mx\/wp-content\/uploads\/2015\/02\/balanzadef.png\" width=\"55\" height=\"55\" alt=\"\" \/><\/div><h2 class=\"flip-box-heading\">JUAN O\u00b4GORMAN MERINO<\/h2> \u00c1REAS DE PR\u00c1CTICA: Financiero \/ Bancario \/ Inmobiliario \/ Financiamiento de Proyecto \/ Derecho Agrario<\/div><\/div><div class=\"flip-box-back\" style=\"--awb-border-color:#e2e2e2;--awb-border-size:1px;--awb-border-radius:3px;--awb-background-color-back:#ffffff;--awb-title-back-color:#343b49;\"><div class=\"flip-box-back-inner\"><h3 class=\"flip-box-heading-back\">Egresado de la Universidad Panamericana, Licenciado en Derecho, 1999.<\/h3>\n<p style=\"text-align: center;\"><span style=\"color: #003366;\"><strong>El Lic. O&#8217;Gorman curs\u00f3 la Maestr\u00eda en Derecho por parte de la Universidad de Chicago en el a\u00f1o de 2005.<\/strong> <\/span><\/p>\n<p style=\"text-align: center;\"><span style=\"color: #003366;\">Es un abogado especializado en derecho financiero, inmobiliario y principalmente en derecho agrario. <\/span><\/p>\n<p style=\"text-align: center;\"><span style=\"color: #003366;\">Su amplia experiencia en estas materias incluye la asesor\u00eda legal en regulaci\u00f3n agraria, en la conversi\u00f3n de propiedad agraria (ejidos) en propiedad privada, en la detecci\u00f3n y correcci\u00f3n de rregularidades agrarias de cualquier clase y en todo tipo de operaciones agrarias e inmobiliarias de caracter ordinario y aquellas altamente sofisticadas.<\/span><\/p>\n<\/div><\/div><\/div><\/div><\/div><\/div><div class=\"clearfix\"><\/div><div class=\"fusion-flip-boxes flip-boxes row fusion-columns-1 flip-effect-classic\"><div class=\"fusion-flip-box-wrapper fusion-column col-lg-12 col-md-12 col-sm-12\"><div class=\"fusion-flip-box flip-right\" tabindex=\"0\"><div class=\"flip-box-inner-wrapper\"><div class=\"flip-box-front\" style=\"--awb-border-color:#e2e2e2;--awb-border-size:1px;--awb-border-radius:3px;--awb-background-color-front:#ffffff;\"><div class=\"flip-box-front-inner\"><div class=\"flip-box-grafix flip-box-image\"><img decoding=\"async\" src=\"http:\/\/rbg.com.mx\/wp-content\/uploads\/2015\/02\/balanzadef.png\" width=\"55\" height=\"55\" alt=\"\" \/><\/div><h2 class=\"flip-box-heading\">SERGIO DE ALVA<\/h2> \u00c1REAS DE PR\u00c1CTICA: Litigio de Propiedad Intelectual y antipirater\u00eda \/ Marcas \/ Patentes, Derechos de Autor \/ Derecho en Internet \/Derecho Administrativo<\/div><\/div><div class=\"flip-box-back\" style=\"--awb-border-color:#e2e2e2;--awb-border-size:1px;--awb-border-radius:3px;--awb-background-color-back:#ffffff;--awb-title-back-color:#343b49;\"><div class=\"flip-box-back-inner\"><h3 class=\"flip-box-heading-back\">Egresado de la Universidad La Salle, Licenciado en Derecho, 1999. <\/h3>\n<p style=\"text-align: center;\"><span style=\"color: #003366;\"><strong>El Licenciado de Alva curs\u00f3 la maestr\u00eda en la Universidad Panamericana con las especialidades en Amparo, Derecho de la Propiedad Intelectual y Derecho Administrativo.<\/strong> Asimismo, cuenta con estudios de posgrado en Juicio Contencioso Administrativo en la Academia Mexicana de Derecho Fiscal.<\/span><\/p>\n<p style=\"text-align: center;\"><span style=\"color: #003366;\">El Licenciado de Alva es un abogado altamente especializado en derecho de la propiedad industrial e intelectual, lo que incluye franquiciamiento. Particip\u00f3 activamente en las reformas a las Pol\u00edticas Generales de Nombres de Dominio de \u00abNIC-M\u00e9xico\u00bb y en la elaboraci\u00f3n de la Pol\u00edtica de Soluci\u00f3n de Controversias en materia de Nombres de Dominio para \u00ab.MX\u00bb y su Reglamento (2000).<\/span><span style=\"color: #003366;\">Actu\u00f3 como Presidente del Comit\u00e9 de Asuntos Contenciosos de la Asociaci\u00f3n Mexicana de Profesionales en Propiedad Industrial (AMPPI), de 2005 a 2006 y cuenta con amplia experiencia en litigio administrativo en propiedad industrial y derechos de autor.<\/span><\/p>\n<p style=\"text-align: center;\"><span style=\"color: #000080;\">\u00a0<\/span><\/p>\n<\/div><\/div><\/div><\/div><\/div><\/div><div class=\"clearfix\"><\/div><div class=\"fusion-flip-boxes flip-boxes row fusion-columns-1 flip-effect-classic\"><div class=\"fusion-flip-box-wrapper fusion-column col-lg-12 col-md-12 col-sm-12\"><div class=\"fusion-flip-box flip-right\" tabindex=\"0\"><div class=\"flip-box-inner-wrapper\"><div class=\"flip-box-front\" style=\"--awb-border-color:#e2e2e2;--awb-border-size:1px;--awb-border-radius:3px;--awb-background-color-front:#ffffff;\"><div class=\"flip-box-front-inner\"><div class=\"flip-box-grafix flip-box-image\"><img decoding=\"async\" src=\"http:\/\/rbg.com.mx\/wp-content\/uploads\/2015\/02\/balanzadef.png\" width=\"55\" height=\"55\" alt=\"\" \/><\/div><h2 class=\"flip-box-heading\">RICARDO VALDIVIESO NAGAYA<\/h2> \u00c1REAS DE PR\u00c1CTICA: Litigio en Derecho Mercantil \/ Bancario e Inmobiliario \/ Litigio en Derecho Administrativo y Amparo<\/div><\/div><div class=\"flip-box-back\" style=\"--awb-border-color:#e2e2e2;--awb-border-size:1px;--awb-border-radius:3px;--awb-background-color-back:#ffffff;--awb-title-back-color:#343b49;\"><div class=\"flip-box-back-inner\"><h3 class=\"flip-box-heading-back\">Egresado de la Universidad An\u00e1huac del Norte, Licenciado en Derecho, 2000.<\/h3>\n<p style=\"text-align: center;\"><span style=\"color: #003366;\"><strong>El licenciado Valdivieso se ha especializado en la pr\u00e1ctica del litigio en las \u00e1reas del Derecho Civil, Mercantil, Familiar y Administrativo.<\/strong> Es consultor jur\u00eddico de las instituciones bancarias m\u00e1s representativas en el \u00e1rea comercial del pa\u00eds como Banamex, Banorte y Bancomer; adem\u00e1s de brindar sus servicios a empresas privadas dedicadas a la adquisici\u00f3n de cartera vencida para su recuperaci\u00f3n como First City.<\/span><\/p>\n<p style=\"text-align: center;\"><span style=\"color: #003366;\">Se ha especializado en el campo del litigio familiar, el robo de identidad a trav\u00e9s del uso de la firma electr\u00f3nica y Derecho Administrativo. En todas estas \u00e1reas, tambi\u00e9n ofreciendo los conocimientos en el Juicio de Amparo.<\/span><\/p>\n<p style=\"text-align: center;\"><span style=\"color: #003366;\">Actualmente el licenciado Valdivieso forma parte de la Barra Nacional de Abogados.<\/span><\/p>\n<\/div><\/div><\/div><\/div><\/div><\/div><div class=\"clearfix\"><\/div><div class=\"fusion-clearfix\"><\/div><\/div><\/div><div class=\"fusion-layout-column fusion_builder_column fusion-builder-column-1 fusion_builder_column_1_1 1_1 fusion-one-full fusion-column-first fusion-column-last fusion-column-no-min-height\" style=\"--awb-bg-size:cover;--awb-margin-bottom:0px;\"><div class=\"fusion-column-wrapper fusion-flex-column-wrapper-legacy\"><div class=\"fusion-clearfix\"><\/div><\/div><\/div><div class=\"fusion-layout-column fusion_builder_column fusion-builder-column-2 fusion_builder_column_1_1 1_1 fusion-one-full fusion-column-first fusion-column-last fusion-column-no-min-height\" style=\"--awb-bg-size:cover;--awb-margin-bottom:0px;\"><div class=\"fusion-column-wrapper fusion-flex-column-wrapper-legacy\"><div class=\"fusion-clearfix\"><\/div><\/div><\/div><\/div><\/div><div class=\"fusion-bg-parallax\" data-bg-align=\"center center\" data-direction=\"up\" data-mute=\"false\" data-opacity=\"100\" data-velocity=\"-0.4\" data-mobile-enabled=\"false\" data-break_parents=\"0\" data-bg-image=\"http:\/\/rbg.com.mx\/wp-content\/uploads\/2015\/02\/background-cubos-01.png\" data-bg-repeat=\"false\" ><\/div><div class=\"fusion-fullwidth fullwidth-box fusion-builder-row-2 fusion-parallax-up nonhundred-percent-fullwidth non-hundred-percent-height-scrolling\" style=\"--awb-border-sizes-top:0px;--awb-border-sizes-bottom:0px;--awb-border-sizes-left:0px;--awb-border-sizes-right:0px;--awb-border-radius-top-left:0px;--awb-border-radius-top-right:0px;--awb-border-radius-bottom-right:0px;--awb-border-radius-bottom-left:0px;--awb-padding-top:150px;--awb-padding-bottom:160px;--awb-background-image:url(&quot;http:\/\/rbg.com.mx\/wp-content\/uploads\/2015\/02\/background-cubos-01.png&quot;);--awb-background-size:cover;--awb-flex-wrap:wrap;\" ><div class=\"fusion-builder-row fusion-row\"><div class=\"fusion-layout-column fusion_builder_column fusion-builder-column-3 fusion_builder_column_1_1 1_1 fusion-one-full fusion-column-first fusion-column-last fusion-column-no-min-height\" style=\"--awb-bg-size:cover;--awb-margin-bottom:0px;\"><div class=\"fusion-column-wrapper fusion-flex-column-wrapper-legacy\"><div class=\"fusion-text fusion-text-1\"><h2 style=\"text-align: center;\" data-fontsize=\"28\" data-lineheight=\"33\"><span style=\"color: #003366;\"><strong>RBG\u00a0 <\/strong><\/span><\/h2>\n<h2 style=\"text-align: center;\" data-fontsize=\"28\" data-lineheight=\"33\"><span style=\"color: #003366;\"><strong>RIVERA BELDEN &amp; GARC\u00cdA S\u00c1NCHEZ <\/strong><\/span><\/h2>\n<\/div><div class=\"fusion-sep-clear\"><\/div><div class=\"fusion-separator\" style=\"margin-left: auto;margin-right: auto;margin-top:10px;margin-bottom:30px;width:100%;max-width:170px;\"><div class=\"fusion-separator-border sep-single sep-solid\" style=\"--awb-height:20px;--awb-amount:20px;--awb-sep-color:#444c56;border-color:#444c56;border-top-width:1px;\"><\/div><\/div><div class=\"fusion-sep-clear\"><\/div><div class=\"fusion-clearfix\"><\/div><\/div><\/div><div class=\"fusion-layout-column fusion_builder_column fusion-builder-column-4 fusion_builder_column_1_1 1_1 fusion-one-full fusion-column-first fusion-column-last fusion-column-no-min-height\" style=\"--awb-bg-size:cover;--awb-margin-bottom:0px;\"><div class=\"fusion-column-wrapper fusion-flex-column-wrapper-legacy\"><div class=\"fusion-sep-clear\"><\/div><div class=\"fusion-separator\" style=\"margin-left: auto;margin-right: auto;margin-top:30px;width:100%;max-width:170px;\"><\/div><div class=\"fusion-sep-clear\"><\/div><div class=\"fusion-aligncenter\"><a class=\"fusion-button button-flat button-large button-default fusion-button-default button-1 fusion-button-default-span \" target=\"_self\" href=\"https:\/\/rbg.com.mx\/?page_id=744\"><span class=\"fusion-button-text\">Cont\u00e1ctanos<\/span><\/a><\/div><div class=\"fusion-clearfix\"><\/div><\/div><\/div><\/div><\/div><\/p>\n","protected":false},"excerpt":{"rendered":"","protected":false},"author":2,"featured_media":0,"parent":0,"menu_order":0,"comment_status":"closed","ping_status":"closed","template":"100-width.php","meta":{"footnotes":""},"class_list":["post-14","page","type-page","status-publish","hentry"],"_links":{"self":[{"href":"https:\/\/rbg.com.mx\/index.php?rest_route=\/wp\/v2\/pages\/14","targetHints":{"allow":["GET"]}}],"collection":[{"href":"https:\/\/rbg.com.mx\/index.php?rest_route=\/wp\/v2\/pages"}],"about":[{"href":"https:\/\/rbg.com.mx\/index.php?rest_route=\/wp\/v2\/types\/page"}],"author":[{"embeddable":true,"href":"https:\/\/rbg.com.mx\/index.php?rest_route=\/wp\/v2\/users\/2"}],"replies":[{"embeddable":true,"href":"https:\/\/rbg.com.mx\/index.php?rest_route=%2Fwp%2Fv2%2Fcomments&post=14"}],"version-history":[{"count":6,"href":"https:\/\/rbg.com.mx\/index.php?rest_route=\/wp\/v2\/pages\/14\/revisions"}],"predecessor-version":[{"id":1500,"href":"https:\/\/rbg.com.mx\/index.php?rest_route=\/wp\/v2\/pages\/14\/revisions\/1500"}],"wp:attachment":[{"href":"https:\/\/rbg.com.mx\/index.php?rest_route=%2Fwp%2Fv2%2Fmedia&parent=14"}],"curies":[{"name":"wp","href":"https:\/\/api.w.org\/{rel}","templated":true}]}}