{"id":1293,"date":"2017-09-18T17:21:05","date_gmt":"2017-09-18T17:21:05","guid":{"rendered":"http:\/\/rbg.com.mx\/?page_id=1293"},"modified":"2017-09-25T00:36:41","modified_gmt":"2017-09-25T00:36:41","slug":"partners","status":"publish","type":"page","link":"https:\/\/rbg.com.mx\/?page_id=1293&lang=en","title":{"rendered":"Partners"},"content":{"rendered":"<p><div class=\"fusion-bg-parallax\" data-bg-align=\"center center\" data-direction=\"up\" data-mute=\"false\" data-opacity=\"100\" data-velocity=\"-0.3\" data-mobile-enabled=\"false\" data-break_parents=\"0\" data-bg-image=\"http:\/\/rbg.com.mx\/wp-content\/uploads\/2015\/02\/background-cubos-01.png\" data-bg-repeat=\"false\" ><\/div><div class=\"fusion-fullwidth fullwidth-box fusion-builder-row-1 fusion-parallax-up nonhundred-percent-fullwidth non-hundred-percent-height-scrolling\" style=\"--awb-border-radius-top-left:0px;--awb-border-radius-top-right:0px;--awb-border-radius-bottom-right:0px;--awb-border-radius-bottom-left:0px;--awb-background-image:url(&quot;http:\/\/rbg.com.mx\/wp-content\/uploads\/2015\/02\/background-cubos-01.png&quot;);--awb-background-size:cover;--awb-flex-wrap:wrap;\" ><div class=\"fusion-builder-row fusion-row\"><div class=\"fusion-layout-column fusion_builder_column fusion-builder-column-0 fusion_builder_column_1_1 1_1 fusion-one-full fusion-column-first fusion-column-last\" style=\"--awb-bg-size:cover;\"><div class=\"fusion-column-wrapper fusion-flex-column-wrapper-legacy\"><div class=\"fusion-text fusion-text-1\"><\/div><div class=\"fusion-text fusion-text-2\"><\/div><div class=\"fusion-text fusion-text-3\"><\/div><div class=\"fusion-clearfix\"><\/div><\/div><\/div><\/div><\/div><div class=\"fusion-fullwidth fullwidth-box fusion-builder-row-2 nonhundred-percent-fullwidth non-hundred-percent-height-scrolling\" style=\"--awb-border-radius-top-left:0px;--awb-border-radius-top-right:0px;--awb-border-radius-bottom-right:0px;--awb-border-radius-bottom-left:0px;--awb-padding-top:110px;--awb-padding-bottom:90px;--awb-background-color:#ffffff;--awb-border-sizes-top:0px;--awb-border-sizes-bottom:0px;--awb-flex-wrap:wrap;\" ><div class=\"fusion-builder-row fusion-row\"><div class=\"fusion-layout-column fusion_builder_column fusion-builder-column-1 fusion_builder_column_1_1 1_1 fusion-one-full fusion-column-first fusion-column-last fusion-column-no-min-height fusion-animated\" style=\"--awb-padding-top:5px;--awb-bg-color:#112544;--awb-bg-color-hover:#112544;--awb-bg-size:cover;--awb-margin-top:5px;--awb-margin-bottom:10px;\" data-animationType=\"slideInLeft\" data-animationDuration=\"1.0\" data-animationOffset=\"top-into-view\"><div class=\"fusion-column-wrapper fusion-flex-column-wrapper-legacy\"><div class=\"fusion-text fusion-text-4\"><h3 style=\"text-align: center;\" data-fontsize=\"18\" data-lineheight=\"30\"><span style=\"color: #ffffff;\">Guillermo Rivera Belden<\/span><\/h3>\n<p>&nbsp;<\/p>\n<\/div><div class=\"fusion-sep-clear\"><\/div><div class=\"fusion-separator fusion-full-width-sep\" style=\"margin-left: auto;margin-right: auto;width:100%;\"><div class=\"fusion-separator-border sep-single sep-solid\" style=\"--awb-height:20px;--awb-amount:20px;border-color:#e0dede;border-top-width:5px;\"><\/div><\/div><div class=\"fusion-sep-clear\"><\/div><div class=\"fusion-clearfix\"><\/div><\/div><\/div><div class=\"fusion-layout-column fusion_builder_column fusion-builder-column-2 fusion_builder_column_1_1 1_1 fusion-one-full fusion-column-first fusion-column-last green-border rounded-border\" style=\"--awb-padding-top:60px;--awb-padding-right:60px;--awb-padding-bottom:50px;--awb-padding-left:60px;--awb-bg-color:#ffffff;--awb-bg-color-hover:#ffffff;--awb-bg-size:cover;--awb-border-color:#e2e2e2;--awb-border-top:1px;--awb-border-right:1px;--awb-border-bottom:1px;--awb-border-left:1px;--awb-border-style:solid;\"><div class=\"fusion-column-wrapper fusion-flex-column-wrapper-legacy\"><div class=\"fusion-text fusion-text-5\"><p style=\"text-align: left;\"><img decoding=\"async\" class=\"wp-image-1251 size-full alignleft\" style=\"margin-right: 60px;\" src=\"http:\/\/rbg.com.mx\/wp-content\/uploads\/2015\/02\/socio1-copy.png\" alt=\"\" width=\"350\" height=\"261\" srcset=\"https:\/\/rbg.com.mx\/wp-content\/uploads\/2015\/02\/socio1-copy-200x149.png 200w, https:\/\/rbg.com.mx\/wp-content\/uploads\/2015\/02\/socio1-copy-300x224.png 300w, https:\/\/rbg.com.mx\/wp-content\/uploads\/2015\/02\/socio1-copy.png 350w\" sizes=\"(max-width: 350px) 100vw, 350px\" \/><\/p>\n<div id=\"areas\">\n<h3><\/h3>\n<h3 style=\"text-align: left;\"><span style=\"color: #000080;\"><strong>PRACTICE AREAS:<\/strong><\/span><\/h3>\n<ul class=\"areas\">\n<li><span style=\"color: #000080;\">Finance and Banking<\/span><\/li>\n<li><span style=\"color: #000080;\">Real Estate<\/span><\/li>\n<li><span style=\"color: #000080;\">Project and Assets Finance<\/span><\/li>\n<li><span style=\"color: #000080;\">Foreign Investments<\/span><\/li>\n<li><span style=\"color: #000080;\">Antitrust.<\/span><\/li>\n<\/ul>\n<\/div>\n<div id=\"texto\"><\/div>\n<div>\n<div id=\"texto\">\n<div title=\"Page 1\">\n<div>\n<div>\n<div>\n<p><strong>Formed at Instituto Tecnol\u00f3gico Aut\u00f3nomo de M\u00e9xico (Attorney at Law, 1988);<\/strong> Georgetown University (Orientation into the United States Legal System). In 2012 Mr. Rivera was granted with the \u201cAttorney of the Year\u201d award granted by the Clients Choice Award for his excellent practice in assets finance. Mr Rivera represents foreign and international financial entities and banks in all kind of financial and banking transactions, activities and regulatory issues, as well as international and domestic companies. Also Mr. Rivera represents a large number of real estate developers and funds.<\/p>\n<p>His work encompasses the structuring and development of project finance transactions, real estate acquisitions, development of legal joint ventures and real estate vehicles, management of real estate property, placement of securities, collateralizations, real estate and others, as well as general legal advice to financial entities, banks, real estate developers and funds and all other kind of corporations. Mr. Rivera is member of the Board of Directors of Metlife Mexico, Metlife Pensiones and Hewlett Packard Operations Mexico and Secretary of the Financial Committee of the Mexican Institute of Public Accountants.<\/p>\n<\/div>\n<\/div>\n<\/div>\n<\/div>\n<\/div>\n<p>Email: <a href=\"mailto:grivera@rbg.com.mx\">grivera@rbg.com.mx<\/a><\/p>\n<\/div>\n<\/div><div class=\"fusion-clearfix\"><\/div><\/div><\/div><div class=\"fusion-layout-column fusion_builder_column fusion-builder-column-3 fusion_builder_column_1_1 1_1 fusion-one-full fusion-column-first fusion-column-last fusion-column-no-min-height fusion-animated\" style=\"--awb-padding-top:3px;--awb-bg-color:#112544;--awb-bg-color-hover:#112544;--awb-bg-size:cover;--awb-margin-top:10px;--awb-margin-bottom:10px;\" data-animationType=\"slideInLeft\" data-animationDuration=\"1.0\" data-animationOffset=\"top-into-view\"><div class=\"fusion-column-wrapper fusion-flex-column-wrapper-legacy\"><div class=\"fusion-text fusion-text-6\"><h3 style=\"text-align: center;\" data-fontsize=\"18\" data-lineheight=\"30\"><span style=\"color: #ffffff;\">Carlos Garc\u00eda S\u00e1nchez<\/span><\/h3>\n<h3 style=\"text-align: center;\" data-fontsize=\"18\" data-lineheight=\"30\"><span style=\"color: #ffffff;\">\u00a0<\/span><\/h3>\n<p>&nbsp;<\/p>\n<\/div><div class=\"fusion-sep-clear\"><\/div><div class=\"fusion-separator fusion-full-width-sep\" style=\"margin-left: auto;margin-right: auto;width:100%;\"><div class=\"fusion-separator-border sep-single sep-solid\" style=\"--awb-height:20px;--awb-amount:20px;border-color:#e0dede;border-top-width:5px;\"><\/div><\/div><div class=\"fusion-sep-clear\"><\/div><div class=\"fusion-clearfix\"><\/div><\/div><\/div><div class=\"fusion-layout-column fusion_builder_column fusion-builder-column-4 fusion_builder_column_1_1 1_1 fusion-one-full fusion-column-first fusion-column-last green-border rounded-border\" style=\"--awb-padding-top:60px;--awb-padding-right:60px;--awb-padding-bottom:50px;--awb-padding-left:60px;--awb-bg-color:#ffffff;--awb-bg-color-hover:#ffffff;--awb-bg-size:cover;--awb-border-color:#e2e2e2;--awb-border-top:1px;--awb-border-right:1px;--awb-border-bottom:1px;--awb-border-left:1px;--awb-border-style:solid;\"><div class=\"fusion-column-wrapper fusion-flex-column-wrapper-legacy\"><div class=\"fusion-text fusion-text-7\"><p style=\"text-align: left;\"><img decoding=\"async\" class=\"wp-image-1252 size-full alignleft\" style=\"margin-right: 60px;\" src=\"http:\/\/rbg.com.mx\/wp-content\/uploads\/2015\/02\/socio2-copy.png\" alt=\"\" width=\"350\" height=\"261\" srcset=\"https:\/\/rbg.com.mx\/wp-content\/uploads\/2015\/02\/socio2-copy-200x149.png 200w, https:\/\/rbg.com.mx\/wp-content\/uploads\/2015\/02\/socio2-copy-300x224.png 300w, https:\/\/rbg.com.mx\/wp-content\/uploads\/2015\/02\/socio2-copy.png 350w\" sizes=\"(max-width: 350px) 100vw, 350px\" \/><\/p>\n<div id=\"areas\">\n<h3><span style=\"color: #000080;\"><strong>PRACTICE AREAS:<\/strong><\/span><\/h3>\n<ul class=\"areas\">\n<li><span style=\"color: #000080;\">Corporate<\/span><\/li>\n<li><span style=\"color: #000080;\">Foreign Investments<\/span><\/li>\n<li><span style=\"color: #000080;\">Energy<\/span><\/li>\n<li><span style=\"color: #000080;\">Mergers &amp; Acquisitions<\/span><\/li>\n<li><span style=\"color: #000080;\">Public Bids<\/span><\/li>\n<li><span style=\"color: #000080;\">Real Estate<\/span><\/li>\n<li><span style=\"color: #000080;\">Intellectual Property<\/span><\/li>\n<\/ul>\n<\/div>\n<div id=\"texto\">\n<div title=\"Page 1\">\n<div>\n<div>\n<div>\n<p>&nbsp;<\/p>\n<p><strong>Formed at Universidad Iberoamericana, Attorney at Law, 1985;<\/strong> TMM special course in maritime law &amp; shipping operations, 1985; Instituto Tecnol\u00f3gico Aut\u00f3nomo de M\u00e9xico, Postgraduate in Business Law, 1987; Universidad Panamericana, Post Graduate Studies in Economic and Corporate Law, 1991; Universidad Panamericana, Post Graduate Studies in International Economic &amp; Financial Law, 1992.<\/p>\n<p>Mr. Garc\u00eda S\u00e1nchez has been counselor for several foreign &amp; domestic companies in different transactions comprising his areas of practice, including, without limitation, construction and operation of power plants, transmission lines, polyethylene plants &amp; others (under IPP, BLT OPF &amp; PPP schemes), as well as corporate &amp; financial restructures, as well as in international corporate restructures &amp; mergers &amp; acquisitions of several commercial corporate groups and commercial companies and in the acquisitions of financial entities in Mexico (participated in the acquisition of Banca Confia and Banamex by Citigroup) as well as providing legal assistance to important corporations in real estate matters &amp; public bids &amp; procurement with PEMEX, CFE and other Governmental entities. Mr. Garc\u00eda S\u00e1nch\u00e9z has active participation in industrial property, franchises and copyright transactions and acted as trust advisor in Banamex and as Head of Corporate Legal Division in Transportaci\u00f3n Mar\u00edtima Mexicana; and currently acts as special Legal Counselor and Secretary of the Board of Directors of several domestic &amp; international corporations.<\/p>\n<p>Email: <a href=\"mailto:cgarcia@rbg.com.mx\">cgarcia@rbg.com.mx<\/a><\/p>\n<\/div>\n<\/div>\n<\/div>\n<\/div>\n<\/div>\n<p>&nbsp;<\/p>\n<p>&nbsp;<\/p>\n<\/div><div class=\"fusion-sep-clear\"><\/div><div class=\"fusion-separator fusion-full-width-sep\" style=\"margin-left: auto;margin-right: auto;margin-top:20px;width:100%;\"><\/div><div class=\"fusion-sep-clear\"><\/div><div class=\"fusion-clearfix\"><\/div><\/div><\/div><\/div><\/div><div class=\"fusion-fullwidth fullwidth-box fusion-builder-row-3 nonhundred-percent-fullwidth non-hundred-percent-height-scrolling fusion-equal-height-columns\" style=\"--awb-background-position:left top;--awb-border-radius-top-left:0px;--awb-border-radius-top-right:0px;--awb-border-radius-bottom-right:0px;--awb-border-radius-bottom-left:0px;--awb-padding-top:75px;--awb-padding-bottom:35px;--awb-background-color:#c2b49a;--awb-border-sizes-top:0px;--awb-border-sizes-bottom:0px;--awb-flex-wrap:wrap;\" ><div class=\"fusion-builder-row fusion-row\"><div class=\"fusion-layout-column fusion_builder_column fusion-builder-column-5 fusion_builder_column_3_4 3_4 fusion-three-fourth fusion-column-first fusion-animated\" style=\"--awb-bg-size:cover;width:74%; margin-right: 4%;\" data-animationType=\"slideInRight\" data-animationDuration=\"0.9\" data-animationOffset=\"top-into-view\"><div class=\"fusion-column-wrapper fusion-flex-column-wrapper-legacy\"><div class=\"fusion-sep-clear\"><\/div><div class=\"fusion-separator fusion-full-width-sep\" style=\"margin-left: auto;margin-right: auto;margin-top:10px;width:100%;\"><\/div><div class=\"fusion-sep-clear\"><\/div><div class=\"fusion-text fusion-text-8\"><h2 style=\"text-align: left;\"><span style=\"color: #ffffff;\">THE HIGHEST QUALITY OF LEGAL SERVICES<\/span><\/h2>\n<p>&nbsp;<\/p>\n<\/div><div class=\"fusion-clearfix\"><\/div><\/div><\/div><div class=\"fusion-layout-column fusion_builder_column fusion-builder-column-6 fusion_builder_column_1_4 1_4 fusion-one-fourth fusion-column-last\" style=\"--awb-bg-size:cover;width:22%;\"><div class=\"fusion-column-wrapper fusion-flex-column-wrapper-legacy\"><div class=\"fusion-aligncenter\"><a class=\"fusion-button button-flat button-xlarge button-custom fusion-button-default button-1 fusion-button-default-span \" style=\"--button_accent_color:#ffffff;--button_accent_hover_color:#ffffff;--button_border_hover_color:#ffffff;--button_border_width-top:0px;--button_border_width-right:0px;--button_border_width-bottom:0px;--button_border_width-left:0px;--button_gradient_top_color:#918077;--button_gradient_bottom_color:#918077;--button_gradient_top_color_hover:#918077;--button_gradient_bottom_color_hover:#918077;\" target=\"_self\" href=\"#\" data-toggle=\"modal\" data-target=\".fusion-modal.expert\"><span class=\"fusion-button-text\">Contact us<\/span><\/a><\/div><div class=\"fusion-clearfix\"><\/div><\/div><\/div><\/div><\/div><\/p>\n","protected":false},"excerpt":{"rendered":"","protected":false},"author":1,"featured_media":0,"parent":0,"menu_order":0,"comment_status":"closed","ping_status":"closed","template":"100-width.php","meta":{"footnotes":""},"class_list":["post-1293","page","type-page","status-publish","hentry"],"_links":{"self":[{"href":"https:\/\/rbg.com.mx\/index.php?rest_route=\/wp\/v2\/pages\/1293","targetHints":{"allow":["GET"]}}],"collection":[{"href":"https:\/\/rbg.com.mx\/index.php?rest_route=\/wp\/v2\/pages"}],"about":[{"href":"https:\/\/rbg.com.mx\/index.php?rest_route=\/wp\/v2\/types\/page"}],"author":[{"embeddable":true,"href":"https:\/\/rbg.com.mx\/index.php?rest_route=\/wp\/v2\/users\/1"}],"replies":[{"embeddable":true,"href":"https:\/\/rbg.com.mx\/index.php?rest_route=%2Fwp%2Fv2%2Fcomments&post=1293"}],"version-history":[{"count":6,"href":"https:\/\/rbg.com.mx\/index.php?rest_route=\/wp\/v2\/pages\/1293\/revisions"}],"predecessor-version":[{"id":1428,"href":"https:\/\/rbg.com.mx\/index.php?rest_route=\/wp\/v2\/pages\/1293\/revisions\/1428"}],"wp:attachment":[{"href":"https:\/\/rbg.com.mx\/index.php?rest_route=%2Fwp%2Fv2%2Fmedia&parent=1293"}],"curies":[{"name":"wp","href":"https:\/\/api.w.org\/{rel}","templated":true}]}}