{"id":1200,"date":"2017-08-23T15:40:03","date_gmt":"2017-08-23T15:40:03","guid":{"rendered":"http:\/\/rbg.com.mx\/?page_id=1200"},"modified":"2017-08-23T16:42:32","modified_gmt":"2017-08-23T16:42:32","slug":"energia","status":"publish","type":"page","link":"https:\/\/rbg.com.mx\/?page_id=1200","title":{"rendered":"Energ\u00eda"},"content":{"rendered":"<p><div class=\"fusion-fullwidth fullwidth-box fusion-builder-row-1 nonhundred-percent-fullwidth non-hundred-percent-height-scrolling\" style=\"--awb-border-radius-top-left:0px;--awb-border-radius-top-right:0px;--awb-border-radius-bottom-right:0px;--awb-border-radius-bottom-left:0px;--awb-background-color:#18315a;--awb-flex-wrap:wrap;\" ><div class=\"fusion-builder-row fusion-row\"><div class=\"fusion-layout-column fusion_builder_column fusion-builder-column-0 fusion_builder_column_1_1 1_1 fusion-one-full fusion-column-first fusion-column-last fusion-animated\" style=\"--awb-bg-color:rgba(24,49,90,0);--awb-bg-color-hover:rgba(24,49,90,0);--awb-bg-size:cover;\" data-animationType=\"slideInLeft\" data-animationDuration=\"0.2\" data-animationOffset=\"top-into-view\"><div class=\"fusion-column-wrapper fusion-flex-column-wrapper-legacy\"><div class=\"fusion-sep-clear\"><\/div><div class=\"fusion-separator fusion-has-icon fusion-full-width-sep\" style=\"margin-left: auto;margin-right: auto;margin-top:10px;margin-bottom:10px;width:100%;\"><\/div><div class=\"fusion-sep-clear\"><\/div><div class=\"fusion-sep-clear\"><\/div><div class=\"fusion-separator fusion-has-icon fusion-full-width-sep\" style=\"margin-left: auto;margin-right: auto;width:100%;\"><\/div><div class=\"fusion-sep-clear\"><\/div><div class=\"fusion-text fusion-text-1\"><h2 style=\"text-align: center;\"><span style=\"color: #ffffff;\"><strong>ENERG\u00cdA<\/strong><\/span><\/h2>\n<\/div><div class=\"fusion-sep-clear\"><\/div><div class=\"fusion-separator fusion-full-width-sep\" style=\"margin-left: auto;margin-right: auto;width:100%;\"><\/div><div class=\"fusion-sep-clear\"><\/div><div class=\"fusion-clearfix\"><\/div><\/div><\/div><\/div><\/div><div class=\"fusion-fullwidth fullwidth-box fusion-builder-row-2 nonhundred-percent-fullwidth non-hundred-percent-height-scrolling\" style=\"--awb-border-radius-top-left:0px;--awb-border-radius-top-right:0px;--awb-border-radius-bottom-right:0px;--awb-border-radius-bottom-left:0px;--awb-background-color:rgba(255,255,255,0);--awb-flex-wrap:wrap;\" ><div class=\"fusion-builder-row fusion-row\"><div class=\"fusion-layout-column fusion_builder_column fusion-builder-column-1 fusion_builder_column_1_1 1_1 fusion-one-full fusion-column-first fusion-column-last\" style=\"--awb-bg-color:rgba(249,249,249,0);--awb-bg-color-hover:rgba(249,249,249,0);--awb-bg-size:cover;\"><div class=\"fusion-column-wrapper fusion-flex-column-wrapper-legacy\"><div class=\"fusion-sep-clear\"><\/div><div class=\"fusion-separator fusion-full-width-sep\" style=\"margin-left: auto;margin-right: auto;width:100%;\"><\/div><div class=\"fusion-sep-clear\"><\/div><div class=\"fusion-text fusion-text-2\"><p><img decoding=\"async\" class=\"wp-image-1166 size-full alignleft\" src=\"http:\/\/rbg.com.mx\/wp-content\/uploads\/2015\/02\/Energia.png\" alt=\"\" width=\"370\" height=\"240\" srcset=\"https:\/\/rbg.com.mx\/wp-content\/uploads\/2015\/02\/Energia-200x130.png 200w, https:\/\/rbg.com.mx\/wp-content\/uploads\/2015\/02\/Energia-300x195.png 300w, https:\/\/rbg.com.mx\/wp-content\/uploads\/2015\/02\/Energia.png 370w\" sizes=\"(max-width: 370px) 100vw, 370px\" \/><\/p>\n<p style=\"text-align: left;\"><strong>Hemos participado en diversos proyectos de energ\u00eda en todos sus aspectos, desde el proceso licitatorio hasta sus aspectos corporativos, regulatorios y financiamiento de los mismos.<\/strong> Tambi\u00e9n trabajamos en proyectos de centrales de energ\u00eda el\u00e9ctrica, l\u00edneas de transmisi\u00f3n el\u00e9ctrica, submarina y subterr\u00e1nea, plantas de producci\u00f3n de gas, transporte y distribuci\u00f3n de gas natural, as\u00ed como en la cogeneraci\u00f3n y autoabastecimiento de energ\u00eda el\u00e9ctrica. Asimismo, brindamos asesor\u00eda legal a nuestros clientes en sus operaciones ordinarias con Petr\u00f3leos Mexicanos y Comisi\u00f3n Federal de Electricidad.<\/p>\n<\/div><div class=\"fusion-clearfix\"><\/div><\/div><\/div><\/div><\/div><\/p>\n","protected":false},"excerpt":{"rendered":"","protected":false},"author":2,"featured_media":0,"parent":0,"menu_order":0,"comment_status":"closed","ping_status":"closed","template":"","meta":{"footnotes":""},"class_list":["post-1200","page","type-page","status-publish","hentry"],"_links":{"self":[{"href":"https:\/\/rbg.com.mx\/index.php?rest_route=\/wp\/v2\/pages\/1200","targetHints":{"allow":["GET"]}}],"collection":[{"href":"https:\/\/rbg.com.mx\/index.php?rest_route=\/wp\/v2\/pages"}],"about":[{"href":"https:\/\/rbg.com.mx\/index.php?rest_route=\/wp\/v2\/types\/page"}],"author":[{"embeddable":true,"href":"https:\/\/rbg.com.mx\/index.php?rest_route=\/wp\/v2\/users\/2"}],"replies":[{"embeddable":true,"href":"https:\/\/rbg.com.mx\/index.php?rest_route=%2Fwp%2Fv2%2Fcomments&post=1200"}],"version-history":[{"count":4,"href":"https:\/\/rbg.com.mx\/index.php?rest_route=\/wp\/v2\/pages\/1200\/revisions"}],"predecessor-version":[{"id":1219,"href":"https:\/\/rbg.com.mx\/index.php?rest_route=\/wp\/v2\/pages\/1200\/revisions\/1219"}],"wp:attachment":[{"href":"https:\/\/rbg.com.mx\/index.php?rest_route=%2Fwp%2Fv2%2Fmedia&parent=1200"}],"curies":[{"name":"wp","href":"https:\/\/api.w.org\/{rel}","templated":true}]}}