{"id":1188,"date":"2017-08-23T15:36:16","date_gmt":"2017-08-23T15:36:16","guid":{"rendered":"http:\/\/rbg.com.mx\/?page_id=1188"},"modified":"2017-08-23T17:15:12","modified_gmt":"2017-08-23T17:15:12","slug":"fusiones-y-adquisiciones","status":"publish","type":"page","link":"https:\/\/rbg.com.mx\/?page_id=1188","title":{"rendered":"Fusiones y Adquisiciones"},"content":{"rendered":"<p><div class=\"fusion-fullwidth fullwidth-box fusion-builder-row-1 nonhundred-percent-fullwidth non-hundred-percent-height-scrolling\" style=\"--awb-border-radius-top-left:0px;--awb-border-radius-top-right:0px;--awb-border-radius-bottom-right:0px;--awb-border-radius-bottom-left:0px;--awb-background-color:#18315a;--awb-flex-wrap:wrap;\" ><div class=\"fusion-builder-row fusion-row\"><div class=\"fusion-layout-column fusion_builder_column fusion-builder-column-0 fusion_builder_column_1_1 1_1 fusion-one-full fusion-column-first fusion-column-last fusion-animated\" style=\"--awb-bg-color:rgba(24,49,90,0);--awb-bg-color-hover:rgba(24,49,90,0);--awb-bg-size:cover;\" data-animationType=\"slideInLeft\" data-animationDuration=\"0.2\" data-animationOffset=\"top-into-view\"><div class=\"fusion-column-wrapper fusion-flex-column-wrapper-legacy\"><div class=\"fusion-sep-clear\"><\/div><div class=\"fusion-separator fusion-has-icon fusion-full-width-sep\" style=\"margin-left: auto;margin-right: auto;margin-top:10px;margin-bottom:10px;width:100%;\"><\/div><div class=\"fusion-sep-clear\"><\/div><div class=\"fusion-sep-clear\"><\/div><div class=\"fusion-separator fusion-has-icon fusion-full-width-sep\" style=\"margin-left: auto;margin-right: auto;width:100%;\"><\/div><div class=\"fusion-sep-clear\"><\/div><div class=\"fusion-text fusion-text-1\"><h2 style=\"text-align: center;\"><span style=\"color: #ffffff;\"><strong>FUSIONES Y ADQUISICIONES<br \/>\n<\/strong><\/span><\/h2>\n<\/div><div class=\"fusion-sep-clear\"><\/div><div class=\"fusion-separator fusion-full-width-sep\" style=\"margin-left: auto;margin-right: auto;width:100%;\"><\/div><div class=\"fusion-sep-clear\"><\/div><div class=\"fusion-clearfix\"><\/div><\/div><\/div><\/div><\/div><div class=\"fusion-fullwidth fullwidth-box fusion-builder-row-2 nonhundred-percent-fullwidth non-hundred-percent-height-scrolling\" style=\"--awb-border-radius-top-left:0px;--awb-border-radius-top-right:0px;--awb-border-radius-bottom-right:0px;--awb-border-radius-bottom-left:0px;--awb-background-color:rgba(255,255,255,0);--awb-flex-wrap:wrap;\" ><div class=\"fusion-builder-row fusion-row\"><div class=\"fusion-layout-column fusion_builder_column fusion-builder-column-1 fusion_builder_column_1_1 1_1 fusion-one-full fusion-column-first fusion-column-last\" style=\"--awb-bg-color:rgba(249,249,249,0);--awb-bg-color-hover:rgba(249,249,249,0);--awb-bg-size:cover;\"><div class=\"fusion-column-wrapper fusion-flex-column-wrapper-legacy\"><div class=\"fusion-sep-clear\"><\/div><div class=\"fusion-separator fusion-full-width-sep\" style=\"margin-left: auto;margin-right: auto;width:100%;\"><\/div><div class=\"fusion-sep-clear\"><\/div><div class=\"fusion-text fusion-text-2\"><p><img decoding=\"async\" class=\"wp-image-1154 size-full alignleft\" src=\"http:\/\/rbg.com.mx\/wp-content\/uploads\/2015\/02\/abogados1.png\" alt=\"\" width=\"370\" height=\"240\" srcset=\"https:\/\/rbg.com.mx\/wp-content\/uploads\/2015\/02\/abogados1-200x130.png 200w, https:\/\/rbg.com.mx\/wp-content\/uploads\/2015\/02\/abogados1-300x195.png 300w, https:\/\/rbg.com.mx\/wp-content\/uploads\/2015\/02\/abogados1.png 370w\" sizes=\"(max-width: 370px) 100vw, 370px\" \/><\/p>\n<p style=\"text-align: left;\"><strong>Brindamos asesor\u00eda en la compra, venta y fusi\u00f3n de empresas dentro de cualquier rama de la industria y comercio,<\/strong> incluyendo asociaciones estrat\u00e9gicas y coinversiones de cualquier tipo, escisiones, compra de acciones y activos de cualquier clase, inversi\u00f3n en empresas, reestructuras accionarias y gobierno corporativo. Lo anterior se ve complementado con nuestra pr\u00e1ctica en materia de inversi\u00f3n extranjera y competencia econ\u00f3mica.<\/p>\n<\/div><div class=\"fusion-clearfix\"><\/div><\/div><\/div><\/div><\/div><\/p>\n","protected":false},"excerpt":{"rendered":"","protected":false},"author":2,"featured_media":0,"parent":0,"menu_order":0,"comment_status":"closed","ping_status":"closed","template":"","meta":{"footnotes":""},"class_list":["post-1188","page","type-page","status-publish","hentry"],"_links":{"self":[{"href":"https:\/\/rbg.com.mx\/index.php?rest_route=\/wp\/v2\/pages\/1188","targetHints":{"allow":["GET"]}}],"collection":[{"href":"https:\/\/rbg.com.mx\/index.php?rest_route=\/wp\/v2\/pages"}],"about":[{"href":"https:\/\/rbg.com.mx\/index.php?rest_route=\/wp\/v2\/types\/page"}],"author":[{"embeddable":true,"href":"https:\/\/rbg.com.mx\/index.php?rest_route=\/wp\/v2\/users\/2"}],"replies":[{"embeddable":true,"href":"https:\/\/rbg.com.mx\/index.php?rest_route=%2Fwp%2Fv2%2Fcomments&post=1188"}],"version-history":[{"count":3,"href":"https:\/\/rbg.com.mx\/index.php?rest_route=\/wp\/v2\/pages\/1188\/revisions"}],"predecessor-version":[{"id":1233,"href":"https:\/\/rbg.com.mx\/index.php?rest_route=\/wp\/v2\/pages\/1188\/revisions\/1233"}],"wp:attachment":[{"href":"https:\/\/rbg.com.mx\/index.php?rest_route=%2Fwp%2Fv2%2Fmedia&parent=1188"}],"curies":[{"name":"wp","href":"https:\/\/api.w.org\/{rel}","templated":true}]}}