{"id":1170,"date":"2017-08-23T15:30:32","date_gmt":"2017-08-23T15:30:32","guid":{"rendered":"http:\/\/rbg.com.mx\/?page_id=1170"},"modified":"2017-08-23T18:09:54","modified_gmt":"2017-08-23T18:09:54","slug":"financiero-y-bancario","status":"publish","type":"page","link":"https:\/\/rbg.com.mx\/?page_id=1170","title":{"rendered":"Financiero y Bancario"},"content":{"rendered":"<p><div class=\"fusion-fullwidth fullwidth-box fusion-builder-row-1 nonhundred-percent-fullwidth non-hundred-percent-height-scrolling\" style=\"--awb-border-radius-top-left:0px;--awb-border-radius-top-right:0px;--awb-border-radius-bottom-right:0px;--awb-border-radius-bottom-left:0px;--awb-background-color:#18315a;--awb-flex-wrap:wrap;\" ><div class=\"fusion-builder-row fusion-row\"><div class=\"fusion-layout-column fusion_builder_column fusion-builder-column-0 fusion_builder_column_1_1 1_1 fusion-one-full fusion-column-first fusion-column-last fusion-animated\" style=\"--awb-bg-color:rgba(24,49,90,0);--awb-bg-color-hover:rgba(24,49,90,0);--awb-bg-size:cover;\" data-animationType=\"slideInLeft\" data-animationDuration=\"0.2\" data-animationOffset=\"top-into-view\"><div class=\"fusion-column-wrapper fusion-flex-column-wrapper-legacy\"><div class=\"fusion-sep-clear\"><\/div><div class=\"fusion-separator fusion-has-icon fusion-full-width-sep\" style=\"margin-left: auto;margin-right: auto;margin-top:10px;margin-bottom:10px;width:100%;\"><\/div><div class=\"fusion-sep-clear\"><\/div><div class=\"fusion-sep-clear\"><\/div><div class=\"fusion-separator fusion-has-icon fusion-full-width-sep\" style=\"margin-left: auto;margin-right: auto;width:100%;\"><\/div><div class=\"fusion-sep-clear\"><\/div><div class=\"fusion-text fusion-text-1\"><h2 style=\"text-align: center;\"><span style=\"color: #ffffff;\"><strong>FINANCIERO Y BANCARIO<br \/>\n<\/strong><\/span><\/h2>\n<\/div><div class=\"fusion-sep-clear\"><\/div><div class=\"fusion-separator fusion-full-width-sep\" style=\"margin-left: auto;margin-right: auto;width:100%;\"><\/div><div class=\"fusion-sep-clear\"><\/div><div class=\"fusion-clearfix\"><\/div><\/div><\/div><\/div><\/div><div class=\"fusion-fullwidth fullwidth-box fusion-builder-row-2 nonhundred-percent-fullwidth non-hundred-percent-height-scrolling\" style=\"--awb-border-radius-top-left:0px;--awb-border-radius-top-right:0px;--awb-border-radius-bottom-right:0px;--awb-border-radius-bottom-left:0px;--awb-background-color:rgba(255,255,255,0);--awb-flex-wrap:wrap;\" ><div class=\"fusion-builder-row fusion-row\"><div class=\"fusion-layout-column fusion_builder_column fusion-builder-column-1 fusion_builder_column_1_1 1_1 fusion-one-full fusion-column-first fusion-column-last\" style=\"--awb-bg-color:rgba(249,249,249,0);--awb-bg-color-hover:rgba(249,249,249,0);--awb-bg-size:cover;\"><div class=\"fusion-column-wrapper fusion-flex-column-wrapper-legacy\"><div class=\"fusion-sep-clear\"><\/div><div class=\"fusion-separator fusion-full-width-sep\" style=\"margin-left: auto;margin-right: auto;width:100%;\"><\/div><div class=\"fusion-sep-clear\"><\/div><div class=\"fusion-text fusion-text-2\"><p><img decoding=\"async\" class=\"wp-image-1152 size-full alignleft\" src=\"http:\/\/rbg.com.mx\/wp-content\/uploads\/2015\/02\/business.png\" alt=\"\" width=\"370\" height=\"240\" srcset=\"https:\/\/rbg.com.mx\/wp-content\/uploads\/2015\/02\/business-200x130.png 200w, https:\/\/rbg.com.mx\/wp-content\/uploads\/2015\/02\/business-300x195.png 300w, https:\/\/rbg.com.mx\/wp-content\/uploads\/2015\/02\/business.png 370w\" sizes=\"(max-width: 370px) 100vw, 370px\" \/><\/p>\n<p style=\"text-align: left;\"><strong>Los socios y asociados de nuestro despacho tienen amplia experiencia en asuntos bancarios, regulatorios y en la asesor\u00eda legal de operaciones financieras, con m\u00e1s de 24 a\u00f1os de experiencia proporcionando servicios legales a diversas instituciones financieras y bancos,<\/strong> entre los que destacan (i) bursatilizaciones de activos existentes y de flujos futuros, incluyendo bursatilizaciones de tarjetas de cr\u00e9dito, flujos derivados de exportaciones, pr\u00e9stamos hipotecarios, as\u00ed como flujos derivados de las rentas de inmuebles y contratos de prestaci\u00f3n de servicios tipo shelter (ii) emisi\u00f3n y colocaci\u00f3n de valores inmobiliarios, con la emisi\u00f3n de t\u00edtulos inmobiliarios a trav\u00e9s de la creaci\u00f3n de fideicomisos de bienes ra\u00edces (FIBRAS) y la emisi\u00f3n de CPI y otros valores mobiliarios, incluidos los certificados de capital de desarrollo (CKDs), (iii) reestructuras, quiebras y concursos mercantiles, participando en todas las etapas de dichos procesos, incluyendo la estructuraci\u00f3n, coordinaci\u00f3n, alianzas, preparaci\u00f3n de documentaci\u00f3n, desinversiones de activos, recompras de deuda, coberturas, refinanciamientos a trav\u00e9s colocaciones privadas y ofertas p\u00fablicas de papeles comerciales, bonos, obligaciones y otros valores, (iv) asesoramiento a intermediarios financieros e instituciones de cr\u00e9dito reguladas en relaci\u00f3n con el debido cumplimiento de los requisitos normativos federales y locales, gobierno corporativo, manejo de capital social, requerimientos legales, constituci\u00f3n de reservas, pol\u00edticas de inversi\u00f3n, regulaci\u00f3n crediticia y financiera, transacciones permitidas y restringidas, servicios y requisitos espec\u00edficos de productos financieros, (v) arrendamiento puro y financiero, factoraje, Sale and Lease Back y reporto, y (vi) creaci\u00f3n de veh\u00edculos y estructuras financieras incluyendo SOFOMES, compa\u00f1\u00edas y fideicomisos SPV y la asesor\u00eda en el cumplimiento de sus obligaciones legales.<\/p>\n<\/div><div class=\"fusion-clearfix\"><\/div><\/div><\/div><\/div><\/div><\/p>\n","protected":false},"excerpt":{"rendered":"","protected":false},"author":2,"featured_media":0,"parent":0,"menu_order":0,"comment_status":"closed","ping_status":"closed","template":"","meta":{"footnotes":""},"class_list":["post-1170","page","type-page","status-publish","hentry"],"_links":{"self":[{"href":"https:\/\/rbg.com.mx\/index.php?rest_route=\/wp\/v2\/pages\/1170","targetHints":{"allow":["GET"]}}],"collection":[{"href":"https:\/\/rbg.com.mx\/index.php?rest_route=\/wp\/v2\/pages"}],"about":[{"href":"https:\/\/rbg.com.mx\/index.php?rest_route=\/wp\/v2\/types\/page"}],"author":[{"embeddable":true,"href":"https:\/\/rbg.com.mx\/index.php?rest_route=\/wp\/v2\/users\/2"}],"replies":[{"embeddable":true,"href":"https:\/\/rbg.com.mx\/index.php?rest_route=%2Fwp%2Fv2%2Fcomments&post=1170"}],"version-history":[{"count":3,"href":"https:\/\/rbg.com.mx\/index.php?rest_route=\/wp\/v2\/pages\/1170\/revisions"}],"predecessor-version":[{"id":1245,"href":"https:\/\/rbg.com.mx\/index.php?rest_route=\/wp\/v2\/pages\/1170\/revisions\/1245"}],"wp:attachment":[{"href":"https:\/\/rbg.com.mx\/index.php?rest_route=%2Fwp%2Fv2%2Fmedia&parent=1170"}],"curies":[{"name":"wp","href":"https:\/\/api.w.org\/{rel}","templated":true}]}}